{"id":10,"date":"2023-06-13T09:36:20","date_gmt":"2023-06-13T14:36:20","guid":{"rendered":"https:\/\/euphoriagastrobar.com\/?page_id=10"},"modified":"2026-01-20T18:20:34","modified_gmt":"2026-01-20T23:20:34","slug":"inicio","status":"publish","type":"page","link":"https:\/\/euphoriagastrobar.com\/","title":{"rendered":"Inicio"},"content":{"rendered":"\t\t<div data-elementor-type=\"wp-page\" data-elementor-id=\"10\" class=\"elementor elementor-10\" data-elementor-post-type=\"page\">\n\t\t\t\t<div class=\"elementor-element elementor-element-dbaf828 e-con-full e-flex e-con e-parent\" data-id=\"dbaf828\" data-element_type=\"container\" data-settings=\"{&quot;jet_parallax_layout_list&quot;:[],&quot;background_background&quot;:&quot;classic&quot;}\">\n\t\t\t\t<div class=\"elementor-element elementor-element-623bca1 elementor-widget elementor-widget-theme-site-logo elementor-widget-image\" data-id=\"623bca1\" data-element_type=\"widget\" data-widget_type=\"theme-site-logo.default\">\n\t\t\t\t<div class=\"elementor-widget-container\">\n\t\t\t\t\t\t\t\t\t\t\t<a href=\"https:\/\/euphoriagastrobar.com\">\n\t\t\t<img decoding=\"async\" width=\"350\" height=\"81\" src=\"https:\/\/euphoriagastrobar.com\/wp-content\/uploads\/2023\/06\/logo-euphoria-5.png\" class=\"attachment-full size-full wp-image-61\" alt=\"\" srcset=\"https:\/\/euphoriagastrobar.com\/wp-content\/uploads\/2023\/06\/logo-euphoria-5.png 350w, https:\/\/euphoriagastrobar.com\/wp-content\/uploads\/2023\/06\/logo-euphoria-5-300x69.png 300w\" sizes=\"(max-width: 350px) 100vw, 350px\" \/>\t\t\t\t<\/a>\n\t\t\t\t\t\t\t\t\t\t\t<\/div>\n\t\t\t\t<\/div>\n\t\t<div class=\"elementor-element elementor-element-a79a88f e-flex e-con-boxed e-con e-child\" data-id=\"a79a88f\" data-element_type=\"container\" data-settings=\"{&quot;jet_parallax_layout_list&quot;:[]}\">\n\t\t\t\t\t<div class=\"e-con-inner\">\n\t\t\t\t<div class=\"elementor-element elementor-element-f2a2333 elementor-widget elementor-widget-jet-button\" data-id=\"f2a2333\" data-element_type=\"widget\" data-widget_type=\"jet-button.default\">\n\t\t\t\t<div class=\"elementor-widget-container\">\n\t\t\t\t\t<div class=\"elementor-jet-button jet-elements\"><div class=\"jet-button__container\">\n\t<a class=\"jet-button__instance jet-button__instance--icon-left hover-effect-0\" href=\"https:\/\/euphoriagastrobar.com\/wp-content\/uploads\/2026\/01\/carta-comida-1-ene.pdf\" target=\"_blank\">\n\t\t<div class=\"jet-button__plane jet-button__plane-normal\"><\/div>\n\t\t<div class=\"jet-button__plane jet-button__plane-hover\"><\/div>\n\t\t<div class=\"jet-button__state jet-button__state-normal\">\n\t\t\t<span class=\"jet-button__icon jet-elements-icon\"><i aria-hidden=\"true\" class=\"far fa-file-alt\"><\/i><\/span><span class=\"jet-button__label\">comida <\/span>\t\t<\/div>\n\t\t<div class=\"jet-button__state jet-button__state-hover\">\n\t\t\t<span class=\"jet-button__icon jet-elements-icon\"><i aria-hidden=\"true\" class=\"far fa-file-alt\"><\/i><\/span><span class=\"jet-button__label\">comida <\/span>\t\t<\/div>\n\t<\/a>\n<\/div>\n<\/div>\t\t\t\t<\/div>\n\t\t\t\t<\/div>\n\t\t\t\t<div class=\"elementor-element elementor-element-935fe22 elementor-widget elementor-widget-jet-button\" data-id=\"935fe22\" data-element_type=\"widget\" data-widget_type=\"jet-button.default\">\n\t\t\t\t<div class=\"elementor-widget-container\">\n\t\t\t\t\t<div class=\"elementor-jet-button jet-elements\"><div class=\"jet-button__container\">\n\t<a class=\"jet-button__instance jet-button__instance--icon-left hover-effect-0\" href=\"https:\/\/euphoriagastrobar.com\/wp-content\/uploads\/2026\/01\/euphoria-licores-y-bebidas-enero.pdf\" target=\"_blank\">\n\t\t<div class=\"jet-button__plane jet-button__plane-normal\"><\/div>\n\t\t<div class=\"jet-button__plane jet-button__plane-hover\"><\/div>\n\t\t<div class=\"jet-button__state jet-button__state-normal\">\n\t\t\t<span class=\"jet-button__icon jet-elements-icon\"><i aria-hidden=\"true\" class=\"far fa-file-alt\"><\/i><\/span><span class=\"jet-button__label\">licores y c\u00f3cteles<\/span>\t\t<\/div>\n\t\t<div class=\"jet-button__state jet-button__state-hover\">\n\t\t\t<span class=\"jet-button__icon jet-elements-icon\"><i aria-hidden=\"true\" class=\"far fa-file-alt\"><\/i><\/span><span class=\"jet-button__label\">licores y c\u00f3cteles<\/span>\t\t<\/div>\n\t<\/a>\n<\/div>\n<\/div>\t\t\t\t<\/div>\n\t\t\t\t<\/div>\n\t\t\t\t<div class=\"elementor-element elementor-element-aeebffe elementor-widget elementor-widget-jet-button\" data-id=\"aeebffe\" data-element_type=\"widget\" data-widget_type=\"jet-button.default\">\n\t\t\t\t<div class=\"elementor-widget-container\">\n\t\t\t\t\t<div class=\"elementor-jet-button jet-elements\"><div class=\"jet-button__container\">\n\t<a class=\"jet-button__instance jet-button__instance--icon-left hover-effect-0\" href=\"https:\/\/euphoriagastrobar.com\/wp-content\/uploads\/2025\/10\/euphoria-promos.pdf\" target=\"_blank\">\n\t\t<div class=\"jet-button__plane jet-button__plane-normal\"><\/div>\n\t\t<div class=\"jet-button__plane jet-button__plane-hover\"><\/div>\n\t\t<div class=\"jet-button__state jet-button__state-normal\">\n\t\t\t<span class=\"jet-button__icon jet-elements-icon\"><i aria-hidden=\"true\" class=\"far fa-calendar-alt\"><\/i><\/span><span class=\"jet-button__label\">promos y eventos<\/span>\t\t<\/div>\n\t\t<div class=\"jet-button__state jet-button__state-hover\">\n\t\t\t<span class=\"jet-button__icon jet-elements-icon\"><i aria-hidden=\"true\" class=\"far fa-calendar-alt\"><\/i><\/span><span class=\"jet-button__label\">promos y eventos<\/span>\t\t<\/div>\n\t<\/a>\n<\/div>\n<\/div>\t\t\t\t<\/div>\n\t\t\t\t<\/div>\n\t\t\t\t<div class=\"elementor-element elementor-element-4660287 elementor-widget elementor-widget-jet-button\" data-id=\"4660287\" data-element_type=\"widget\" data-widget_type=\"jet-button.default\">\n\t\t\t\t<div class=\"elementor-widget-container\">\n\t\t\t\t\t<div class=\"elementor-jet-button jet-elements\"><div class=\"jet-button__container\">\n\t<a class=\"jet-button__instance jet-button__instance--icon-left hover-effect-0\" href=\"https:\/\/rappi.app.link\/Euphoria_Restobar\" target=\"_blank\">\n\t\t<div class=\"jet-button__plane jet-button__plane-normal\"><\/div>\n\t\t<div class=\"jet-button__plane jet-button__plane-hover\"><\/div>\n\t\t<div class=\"jet-button__state jet-button__state-normal\">\n\t\t\t<span class=\"jet-button__icon jet-elements-icon\"><i aria-hidden=\"true\" class=\"fas fa-shopping-bag\"><\/i><\/span><span class=\"jet-button__label\">haz tu pedido para llevar<\/span>\t\t<\/div>\n\t\t<div class=\"jet-button__state jet-button__state-hover\">\n\t\t\t<span class=\"jet-button__icon jet-elements-icon\"><i aria-hidden=\"true\" class=\"fas fa-shopping-bag\"><\/i><\/span><span class=\"jet-button__label\">pide por rappi<\/span>\t\t<\/div>\n\t<\/a>\n<\/div>\n<\/div>\t\t\t\t<\/div>\n\t\t\t\t<\/div>\n\t\t\t\t<div class=\"elementor-element elementor-element-c217bfa elementor-widget-tablet__width-initial elementor-widget-mobile__width-initial elementor-widget elementor-widget-jet-button\" data-id=\"c217bfa\" data-element_type=\"widget\" data-widget_type=\"jet-button.default\">\n\t\t\t\t<div class=\"elementor-widget-container\">\n\t\t\t\t\t<div class=\"elementor-jet-button jet-elements\"><div class=\"jet-button__container\">\n\t<a class=\"jet-button__instance jet-button__instance--icon-left hover-effect-0\" href=\"https:\/\/www.apparta.co\/euphoria-gastrobar\/reservas?utm_medium=instagram\" target=\"_blank\">\n\t\t<div class=\"jet-button__plane jet-button__plane-normal\"><\/div>\n\t\t<div class=\"jet-button__plane jet-button__plane-hover\"><\/div>\n\t\t<div class=\"jet-button__state jet-button__state-normal\">\n\t\t\t<span class=\"jet-button__icon jet-elements-icon\"><i aria-hidden=\"true\" class=\"far fa-calendar-check\"><\/i><\/span><span class=\"jet-button__label\">Reserva tu mesa aqu\u00ed<\/span>\t\t<\/div>\n\t\t<div class=\"jet-button__state jet-button__state-hover\">\n\t\t\t<span class=\"jet-button__icon jet-elements-icon\"><i aria-hidden=\"true\" class=\"far fa-calendar-check\"><\/i><\/span><span class=\"jet-button__label\">Reserva tu mesa aqu\u00ed<\/span>\t\t<\/div>\n\t<\/a>\n<\/div>\n<\/div>\t\t\t\t<\/div>\n\t\t\t\t<\/div>\n\t\t\t\t<div class=\"elementor-element elementor-element-00449e1 elementor-widget elementor-widget-jet-button\" data-id=\"00449e1\" data-element_type=\"widget\" data-widget_type=\"jet-button.default\">\n\t\t\t\t<div class=\"elementor-widget-container\">\n\t\t\t\t\t<div class=\"elementor-jet-button jet-elements\"><div class=\"jet-button__container\">\n\t<a class=\"jet-button__instance jet-button__instance--icon-left hover-effect-0\" href=\"https:\/\/wa.me\/573009424883\" target=\"_blank\">\n\t\t<div class=\"jet-button__plane jet-button__plane-normal\"><\/div>\n\t\t<div class=\"jet-button__plane jet-button__plane-hover\"><\/div>\n\t\t<div class=\"jet-button__state jet-button__state-normal\">\n\t\t\t<span class=\"jet-button__icon jet-elements-icon\"><i aria-hidden=\"true\" class=\"fab fa-whatsapp\"><\/i><\/span><span class=\"jet-button__label\">cont\u00e1ctanos por whatsapp<\/span>\t\t<\/div>\n\t\t<div class=\"jet-button__state jet-button__state-hover\">\n\t\t\t<span class=\"jet-button__icon jet-elements-icon\"><i aria-hidden=\"true\" class=\"fab fa-whatsapp\"><\/i><\/span><span class=\"jet-button__label\">cont\u00e1ctanos por whatsapp<\/span>\t\t<\/div>\n\t<\/a>\n<\/div>\n<\/div>\t\t\t\t<\/div>\n\t\t\t\t<\/div>\n\t\t\t\t<div class=\"elementor-element elementor-element-80341ea elementor-widget elementor-widget-jet-button\" data-id=\"80341ea\" data-element_type=\"widget\" data-widget_type=\"jet-button.default\">\n\t\t\t\t<div class=\"elementor-widget-container\">\n\t\t\t\t\t<div class=\"elementor-jet-button jet-elements\"><div class=\"jet-button__container\">\n\t<a class=\"jet-button__instance jet-button__instance--icon-left hover-effect-0\" href=\"https:\/\/www.google.com\/maps?q=Euphoria+Gastrobar,+CC+Le+Meridiem+Golf,+Cra.+59b+%2381-158+Local+2-1,+El+Golf,+Barranquilla,+Atl%C3%A1ntico&#038;ftid=0x8ef42dd0551ce8fd:0x30aeffbcab029cc&#038;hl=es-AF&#038;gl=af&#038;entry=gps&#038;lucs=,47071704&#038;g_ep=CAISBjYuNzEuMhgAIKzfASoJLDQ3MDcxNzA0QgJDTw%3D%3D&#038;g_st=ic\" target=\"_blank\">\n\t\t<div class=\"jet-button__plane jet-button__plane-normal\"><\/div>\n\t\t<div class=\"jet-button__plane jet-button__plane-hover\"><\/div>\n\t\t<div class=\"jet-button__state jet-button__state-normal\">\n\t\t\t<span class=\"jet-button__icon jet-elements-icon\"><i aria-hidden=\"true\" class=\"fas fa-map-marker-alt\"><\/i><\/span><span class=\"jet-button__label\">C\u00f3mo llegar<\/span>\t\t<\/div>\n\t\t<div class=\"jet-button__state jet-button__state-hover\">\n\t\t\t<span class=\"jet-button__icon jet-elements-icon\"><i aria-hidden=\"true\" class=\"fas fa-map-marker-alt\"><\/i><\/span><span class=\"jet-button__label\">C\u00f3mo llegar<\/span>\t\t<\/div>\n\t<\/a>\n<\/div>\n<\/div>\t\t\t\t<\/div>\n\t\t\t\t<\/div>\n\t\t\t\t<div class=\"elementor-element elementor-element-dc01cc3 elementor-widget elementor-widget-jet-button\" data-id=\"dc01cc3\" data-element_type=\"widget\" data-widget_type=\"jet-button.default\">\n\t\t\t\t<div class=\"elementor-widget-container\">\n\t\t\t\t\t<div class=\"elementor-jet-button jet-elements\"><div class=\"jet-button__container\">\n\t<a class=\"jet-button__instance jet-button__instance--icon-left hover-effect-0\" href=\"https:\/\/www.google.com.co\/url?sa=t&#038;rct=j&#038;q=&#038;esrc=s&#038;source=web&#038;cd=&#038;ved=2ahUKEwjxlsavpP2BAxV5lWoFHWE6C0MQFnoECAwQAQ&#038;url=https%3A%2F%2Fwww.tripadvisor.com.ar%2FRestaurant_Review-g297473-d26631473-Reviews-Euphoria_Gastrobar-Barranquilla_Atlantico_Department.html&#038;usg=AOvVaw0sJ9yy0af_-WYQUXNQvES3&#038;opi=89978449\" target=\"_blank\">\n\t\t<div class=\"jet-button__plane jet-button__plane-normal\"><\/div>\n\t\t<div class=\"jet-button__plane jet-button__plane-hover\"><\/div>\n\t\t<div class=\"jet-button__state jet-button__state-normal\">\n\t\t\t<span class=\"jet-button__icon jet-elements-icon\"><i aria-hidden=\"true\" class=\"fab fa-tripadvisor\"><\/i><\/span><span class=\"jet-button__label\">opiniones en Tripadvisor<\/span>\t\t<\/div>\n\t\t<div class=\"jet-button__state jet-button__state-hover\">\n\t\t\t<span class=\"jet-button__icon jet-elements-icon\"><i aria-hidden=\"true\" class=\"fab fa-tripadvisor\"><\/i><\/span><span class=\"jet-button__label\">opiniones en Tripadvisor<\/span>\t\t<\/div>\n\t<\/a>\n<\/div>\n<\/div>\t\t\t\t<\/div>\n\t\t\t\t<\/div>\n\t\t\t\t<div class=\"elementor-element elementor-element-be47e59 elementor-widget elementor-widget-jet-button\" data-id=\"be47e59\" data-element_type=\"widget\" data-widget_type=\"jet-button.default\">\n\t\t\t\t<div class=\"elementor-widget-container\">\n\t\t\t\t\t<div class=\"elementor-jet-button jet-elements\"><div class=\"jet-button__container\">\n\t<a class=\"jet-button__instance jet-button__instance--icon-left hover-effect-0\" href=\"https:\/\/www.google.com\/maps?q=Euphoria+Gastrobar,+CC+Le+Meridiem+Golf,+Cra.+59b+%2381-158+Local+2-1,+El+Golf,+Barranquilla,+Atl%C3%A1ntico&#038;ftid=0x8ef42dd0551ce8fd:0x30aeffbcab029cc&#038;hl=es-AF&#038;gl=af&#038;entry=gps&#038;lucs=,47071704&#038;g_ep=CAISBjYuNzEuMhgAIKzfASoJLDQ3MDcxNzA0QgJDTw%3D%3D&#038;g_st=ic\" target=\"_blank\">\n\t\t<div class=\"jet-button__plane jet-button__plane-normal\"><\/div>\n\t\t<div class=\"jet-button__plane jet-button__plane-hover\"><\/div>\n\t\t<div class=\"jet-button__state jet-button__state-normal\">\n\t\t\t<span class=\"jet-button__icon jet-elements-icon\"><svg xmlns=\"http:\/\/www.w3.org\/2000\/svg\" id=\"Layer_1\" height=\"512\" viewBox=\"0 0 48 48\" width=\"512\" data-name=\"Layer 1\"><path d=\"m16.83 31.14c-2.33 1.83-3.83 4.67-3.83 7.86v3h-6c-1.66 0-3-1.34-3-3v-2c0-3.87 3.13-7 7-7h2c1.42 0 2.73.42 3.83 1.14z\"><\/path><circle cx=\"36\" cy=\"25.5\" r=\"4.5\"><\/circle><circle cx=\"12\" cy=\"25.5\" r=\"4.5\"><\/circle><path d=\"m44 37v2c0 1.66-1.34 3-3 3h-6v-3c0-3.19-1.5-6.03-3.83-7.86 1.1-.72 2.41-1.14 3.83-1.14h2c3.87 0 7 3.13 7 7z\"><\/path><circle cx=\"24\" cy=\"25.5\" r=\"5.5\"><\/circle><path d=\"m25 31h-2c-4.411 0-8 3.589-8 8v3c0 1.654 1.346 3 3 3h12c1.654 0 3-1.346 3-3v-3c0-4.411-3.589-8-8-8z\"><\/path><path d=\"m38.5 16.684-2.413.858c-.685.243-1.4-.276-1.38-1.003l.07-2.56-1.562-2.03c-.443-.576-.17-1.417.527-1.623l2.457-.724 1.448-2.113c.411-.599 1.295-.599 1.706 0l1.448 2.113 2.457.724c.697.205.97 1.047.527 1.623l-1.562 2.03.07 2.56c.02.726-.696 1.246-1.38 1.003z\"><\/path><path d=\"m9.5 16.684-2.413.858c-.685.243-1.4-.276-1.38-1.003l.07-2.56-1.562-2.03c-.443-.576-.17-1.417.527-1.623l2.457-.724 1.448-2.113c.411-.599 1.295-.599 1.706 0l1.448 2.113 2.457.724c.697.205.97 1.047.527 1.623l-1.562 2.03.07 2.56c.02.726-.696 1.246-1.38 1.003z\"><\/path><path d=\"m24 14.434-2.861 1.017c-.812.289-1.66-.328-1.636-1.189l.083-3.035-1.852-2.407c-.525-.683-.201-1.68.625-1.924l2.913-.859 1.717-2.505c.487-.711 1.536-.711 2.023 0l1.717 2.505 2.913.859c.826.244 1.15 1.241.625 1.924l-1.852 2.407.083 3.035c.024.861-.825 1.478-1.636 1.189l-2.861-1.017z\"><\/path><\/svg><\/span><span class=\"jet-button__label\">deja tu opini\u00f3n<\/span>\t\t<\/div>\n\t\t<div class=\"jet-button__state jet-button__state-hover\">\n\t\t\t<span class=\"jet-button__icon jet-elements-icon\"><svg xmlns=\"http:\/\/www.w3.org\/2000\/svg\" id=\"Layer_1\" height=\"512\" viewBox=\"0 0 48 48\" width=\"512\" data-name=\"Layer 1\"><path d=\"m16.83 31.14c-2.33 1.83-3.83 4.67-3.83 7.86v3h-6c-1.66 0-3-1.34-3-3v-2c0-3.87 3.13-7 7-7h2c1.42 0 2.73.42 3.83 1.14z\"><\/path><circle cx=\"36\" cy=\"25.5\" r=\"4.5\"><\/circle><circle cx=\"12\" cy=\"25.5\" r=\"4.5\"><\/circle><path d=\"m44 37v2c0 1.66-1.34 3-3 3h-6v-3c0-3.19-1.5-6.03-3.83-7.86 1.1-.72 2.41-1.14 3.83-1.14h2c3.87 0 7 3.13 7 7z\"><\/path><circle cx=\"24\" cy=\"25.5\" r=\"5.5\"><\/circle><path d=\"m25 31h-2c-4.411 0-8 3.589-8 8v3c0 1.654 1.346 3 3 3h12c1.654 0 3-1.346 3-3v-3c0-4.411-3.589-8-8-8z\"><\/path><path d=\"m38.5 16.684-2.413.858c-.685.243-1.4-.276-1.38-1.003l.07-2.56-1.562-2.03c-.443-.576-.17-1.417.527-1.623l2.457-.724 1.448-2.113c.411-.599 1.295-.599 1.706 0l1.448 2.113 2.457.724c.697.205.97 1.047.527 1.623l-1.562 2.03.07 2.56c.02.726-.696 1.246-1.38 1.003z\"><\/path><path d=\"m9.5 16.684-2.413.858c-.685.243-1.4-.276-1.38-1.003l.07-2.56-1.562-2.03c-.443-.576-.17-1.417.527-1.623l2.457-.724 1.448-2.113c.411-.599 1.295-.599 1.706 0l1.448 2.113 2.457.724c.697.205.97 1.047.527 1.623l-1.562 2.03.07 2.56c.02.726-.696 1.246-1.38 1.003z\"><\/path><path d=\"m24 14.434-2.861 1.017c-.812.289-1.66-.328-1.636-1.189l.083-3.035-1.852-2.407c-.525-.683-.201-1.68.625-1.924l2.913-.859 1.717-2.505c.487-.711 1.536-.711 2.023 0l1.717 2.505 2.913.859c.826.244 1.15 1.241.625 1.924l-1.852 2.407.083 3.035c.024.861-.825 1.478-1.636 1.189l-2.861-1.017z\"><\/path><\/svg><\/span><span class=\"jet-button__label\">deja tu opini\u00f3n<\/span>\t\t<\/div>\n\t<\/a>\n<\/div>\n<\/div>\t\t\t\t<\/div>\n\t\t\t\t<\/div>\n\t\t\t\t<div class=\"elementor-element elementor-element-a0502e3 elementor-widget elementor-widget-jet-button\" data-id=\"a0502e3\" data-element_type=\"widget\" data-widget_type=\"jet-button.default\">\n\t\t\t\t<div class=\"elementor-widget-container\">\n\t\t\t\t\t<div class=\"elementor-jet-button jet-elements\"><div class=\"jet-button__container\">\n\t<a class=\"jet-button__instance jet-button__instance--icon-left hover-effect-0\" href=\"https:\/\/instagram.com\/euphoriagastrobar?igshid=MzRlODBiNWFlZA\" target=\"_blank\">\n\t\t<div class=\"jet-button__plane jet-button__plane-normal\"><\/div>\n\t\t<div class=\"jet-button__plane jet-button__plane-hover\"><\/div>\n\t\t<div class=\"jet-button__state jet-button__state-normal\">\n\t\t\t<span class=\"jet-button__icon jet-elements-icon\"><i aria-hidden=\"true\" class=\"fab fa-instagram\"><\/i><\/span><span class=\"jet-button__label\">siguenos en instagram<\/span>\t\t<\/div>\n\t\t<div class=\"jet-button__state jet-button__state-hover\">\n\t\t\t<span class=\"jet-button__icon jet-elements-icon\"><i aria-hidden=\"true\" class=\"fab fa-instagram\"><\/i><\/span><span class=\"jet-button__label\">siguenos en instagram<\/span>\t\t<\/div>\n\t<\/a>\n<\/div>\n<\/div>\t\t\t\t<\/div>\n\t\t\t\t<\/div>\n\t\t\t\t\t<\/div>\n\t\t\t\t<\/div>\n\t\t\t\t<\/div>\n\t\t\t\t<\/div>\n\t\t","protected":false},"excerpt":{"rendered":"<p>comida comida licores y c\u00f3cteles licores y c\u00f3cteles promos y eventos promos y eventos haz tu pedido para llevar pide por rappi cont\u00e1ctanos por whatsapp cont\u00e1ctanos por whatsapp opiniones en Tripadvisor opiniones en Tripadvisor siguenos en instagram siguenos en instagram<\/p>\n","protected":false},"author":1,"featured_media":0,"parent":0,"menu_order":0,"comment_status":"closed","ping_status":"closed","template":"elementor_canvas","meta":{"footnotes":""},"class_list":["post-10","page","type-page","status-publish","hentry"],"_links":{"self":[{"href":"https:\/\/euphoriagastrobar.com\/index.php?rest_route=\/wp\/v2\/pages\/10","targetHints":{"allow":["GET"]}}],"collection":[{"href":"https:\/\/euphoriagastrobar.com\/index.php?rest_route=\/wp\/v2\/pages"}],"about":[{"href":"https:\/\/euphoriagastrobar.com\/index.php?rest_route=\/wp\/v2\/types\/page"}],"author":[{"embeddable":true,"href":"https:\/\/euphoriagastrobar.com\/index.php?rest_route=\/wp\/v2\/users\/1"}],"replies":[{"embeddable":true,"href":"https:\/\/euphoriagastrobar.com\/index.php?rest_route=%2Fwp%2Fv2%2Fcomments&post=10"}],"version-history":[{"count":146,"href":"https:\/\/euphoriagastrobar.com\/index.php?rest_route=\/wp\/v2\/pages\/10\/revisions"}],"predecessor-version":[{"id":506,"href":"https:\/\/euphoriagastrobar.com\/index.php?rest_route=\/wp\/v2\/pages\/10\/revisions\/506"}],"wp:attachment":[{"href":"https:\/\/euphoriagastrobar.com\/index.php?rest_route=%2Fwp%2Fv2%2Fmedia&parent=10"}],"curies":[{"name":"wp","href":"https:\/\/api.w.org\/{rel}","templated":true}]}}